{"id":6,"date":"2016-09-22T12:07:01","date_gmt":"2016-09-22T10:07:01","guid":{"rendered":"http:\/\/parcs-sports-75-93.fr\/?page_id=6"},"modified":"2018-01-23T15:27:44","modified_gmt":"2018-01-23T14:27:44","slug":"parcs-sports-75-93-demenageur-demenagement-visa-chine-visa-inde-visa-vietnam-visa-russie-croisiere-safari-afrique-garde-meubles","status":"publish","type":"page","link":"https:\/\/parcs-sports-75-93.fr\/","title":{"rendered":"Parcs Sports 75 93"},"content":{"rendered":"<h2>Pr\u00e9sentation du Parc des sports de La Courneuve<\/h2>\n<p><img loading=\"lazy\" class=\"alignright size-medium wp-image-13\" src=\"https:\/\/parcs-sports-75-93.fr\/wp-content\/uploads\/2016\/09\/11-1.jpeg-300x138.jpg\" alt=\"11-1.jpeg\" width=\"300\" height=\"138\" srcset=\"https:\/\/parcs-sports-75-93.fr\/wp-content\/uploads\/2016\/09\/11-1.jpeg-300x138.jpg 300w, https:\/\/parcs-sports-75-93.fr\/wp-content\/uploads\/2016\/09\/11-1.jpeg.jpg 331w\" sizes=\"(max-width: 300px) 100vw, 300px\" \/><\/p>\n<p>Le Parc des sports de La Courneuve est un parc d\u2019attraction et de loisirs qui propose diff\u00e9rentes sortes d\u2019activit\u00e9s afin de distraire leurs visiteurs. La plupart des activit\u00e9s qu\u2019on y trouve sont saisonni\u00e8res, c\u2019est-\u00e0-dire que les distractions changent au fur et \u00e0 mesure que le temps passe et s\u2019adapte au changement des saisons et du temps. En \u00e9t\u00e9, il est possible de faire des balades sur le lac en p\u00e9dalo, le parc propose de les louer et de faire des visites du lac pour admirer les oiseaux qui y vivent. Il est \u00e9galement possible de louer des bicyclettes et de faire le tour du parc. Le parc propose \u00e9galement des activit\u00e9s sportives et culturelles en plein air qui permettent de garder la forme et de profiter de la nature.<\/p>\n<p>&nbsp;<\/p>\n<h2>Informations g\u00e9n\u00e9rales sur le d\u00e9m\u00e9nagement :<\/h2>\n<p>&nbsp;<\/p>\n<p>Se trouver un bon d\u00e9m\u00e9nageur <a href=\"http:\/\/demenageur.com\">demenageur.com<\/a>\u00a0n\u2019est pas forc\u00e9ment la premi\u00e8re chose \u00e0 faire pendant l\u2019organisation du d\u00e9m\u00e9nagement <a href=\"http:\/\/demenageur.com\/demenagement\/\">demenageur.com\/demenagement\/<\/a>\u00a0. En effet, il faut se procurer quelques documents et obtenir des informations n\u00e9cessaires quand on veut changer de foyer. La premi\u00e8re chose \u00e0 faire apr\u00e8s avoir trouv\u00e9 son nouveau foyer est le remplissage d\u2019un formulaire pour obtenir une autorisation de stationnement. Cette autorisation permet de r\u00e9gulariser le d\u00e9placement du v\u00e9hicule qui sera utilis\u00e9 pendant le d\u00e9m\u00e9nagement et l\u2019emm\u00e9nagement. Il faut ensuite se procurer des cartons et du mat\u00e9riel d\u2019emballage, ce genre de choses peut se trouver facilement dans le magasin\u00a0le plus proche. Ensuite, il faut faire un devis d\u00e9m\u00e9nagement <a href=\"http:\/\/demenageur.com\/devis-demenagement\/\">demenageur.com\/devis-demenagement\/<\/a>\u00a0, cette action est tr\u00e8s simple : il suffit de faire une recherche sur internet et de remplir le formulaire (\u00e0 noter que c\u2019est g\u00e9n\u00e9ralement gratuit). Dans certaines situations, il faut trouver un garde-meuble\u00a0, mais cela n\u2019est pas toujours n\u00e9cessaire surtout si vous partez pour une ville qui se trouve \u00e0 proximit\u00e9.<\/p>\n<p>Demenagement Paris : <a href=\"http:\/\/demenageur.com\/demenagement-paris-75\/\">demenageur.com\/demenagement-paris-75\/<\/a><\/p>\n<p>&nbsp;<\/p>\n<h2>Informations g\u00e9n\u00e9rales sur l\u2019assurance vie<\/h2>\n<p>&nbsp;<\/p>\n<p>Comme son nom l\u2019indique, une assurance vie <a href=\"http:\/\/lassurancevie.fr\">lassurancevie.fr<\/a>\u00a0est un moyen d\u2019assurer le payement et le remboursement des frais allou\u00e9s pour les soins et\/ou les fun\u00e9railles d\u2019une personne. Cette somme est dans le cas des fun\u00e9railles destin\u00e9e \u00e0 la famille du d\u00e9funt et est fix\u00e9e par le client pendant sa vie. Par contre, elle est une forme de remboursement pour les frais de m\u00e9dicament et de consultation pour les personnes vivantes et est d\u00e9duite d\u2019une cotisation vers\u00e9e par le client mensuellement. Il y a des conditions sp\u00e9cifiques pour cette derni\u00e8re situation et dans certaines situations le client fait l\u2019objet d\u2019une enqu\u00eate.<\/p>\n<p>&nbsp;<\/p>\n<h2>Informations g\u00e9n\u00e9rales sur les visas pour l\u2019\u00e9tranger :<\/h2>\n<p>&nbsp;<\/p>\n<p>Un visa est un document international permettant \u00e0 une personne en particulier de se d\u00e9placer librement sur le territoire d\u2019un pays \u00e9tranger. Il existe diff\u00e9rentes sortes de visas, ils sont class\u00e9s en fonction de la nature la raison pour laquelle l\u2019\u00e9tranger veut aller dans un pays autre que le sien. Chaque pays poss\u00e8de ses propres conditions pour l\u2019obtention de ces documents. Le Visa Chine <a href=\"http:\/\/visachine.fr\">visachine.fr<\/a>\u00a0par exemple est allou\u00e9 aux \u00e9trangers qui veulent effectuer des transactions commerciales, \u00e9ducatives ou touristiques et poss\u00e8de une dur\u00e9e de vie plut\u00f4t courte. Le visa Russie\u00a0par contre n\u2019est pas facile \u00e0 obtenir sauf pour des raisons valables et demande quelques contreparties dans certaines situations. Quant au visa Inde il est facile \u00e0 obtenir en poss\u00e9d\u00e9 une dur\u00e9e de vie consid\u00e9rable, il en est de m\u00eame pour le visa Vietnam\u00a0.<\/p>\n<p>&nbsp;<\/p>\n<h2>Informations g\u00e9n\u00e9rales sur les croisi\u00e8res<\/h2>\n<p>&nbsp;<\/p>\n<p>Une croisi\u00e8re est une sorte de voyage en bateau qui consiste \u00e0 visiter des zones en particulier appel\u00e9es escales. Une croisi\u00e8re est des plus appr\u00e9ciables quand elle est effectu\u00e9e sur un bateau de grande taille qui poss\u00e8de des activit\u00e9s, des restaurants et des magasins. En effet, la pr\u00e9sence de distraction et de personnes aimables et chaleureuses peut rendre le voyage int\u00e9ressant. La croisi\u00e8re devient beaucoup plus appr\u00e9ciable quand les escales sont bien choisies et quand elles proposent des activit\u00e9s de choix et de la nourriture exotique. D\u2019apr\u00e8s un sondage, la meilleure chose dans un voyage est la partie aventure et la rencontre de nouvelles personnes aimables.<\/p>\n<p class=\"p1\">\u00a0Retrouvez l&rsquo;information qu&rsquo;il vous faut sur ce site:\u00a0<a href=\"https:\/\/ledabelle.com\/\">https:\/\/ledabelle.com\/<\/a><\/p>\n","protected":false},"excerpt":{"rendered":"<p>Pr\u00e9sentation du Parc des sports de La Courneuve Le Parc des sports de La Courneuve est un parc d\u2019attraction et de loisirs qui propose diff\u00e9rentes sortes d\u2019activit\u00e9s afin de distraire leurs visiteurs. La plupart des activit\u00e9s qu\u2019on y trouve sont saisonni\u00e8res, c\u2019est-\u00e0-dire que les distractions changent au fur et \u00e0 mesure que le temps passe [&hellip;]<\/p>\n","protected":false},"author":1,"featured_media":0,"parent":0,"menu_order":0,"comment_status":"closed","ping_status":"closed","template":"","meta":[],"_links":{"self":[{"href":"https:\/\/parcs-sports-75-93.fr\/index.php\/wp-json\/wp\/v2\/pages\/6"}],"collection":[{"href":"https:\/\/parcs-sports-75-93.fr\/index.php\/wp-json\/wp\/v2\/pages"}],"about":[{"href":"https:\/\/parcs-sports-75-93.fr\/index.php\/wp-json\/wp\/v2\/types\/page"}],"author":[{"embeddable":true,"href":"https:\/\/parcs-sports-75-93.fr\/index.php\/wp-json\/wp\/v2\/users\/1"}],"replies":[{"embeddable":true,"href":"https:\/\/parcs-sports-75-93.fr\/index.php\/wp-json\/wp\/v2\/comments?post=6"}],"version-history":[{"count":7,"href":"https:\/\/parcs-sports-75-93.fr\/index.php\/wp-json\/wp\/v2\/pages\/6\/revisions"}],"predecessor-version":[{"id":19,"href":"https:\/\/parcs-sports-75-93.fr\/index.php\/wp-json\/wp\/v2\/pages\/6\/revisions\/19"}],"wp:attachment":[{"href":"https:\/\/parcs-sports-75-93.fr\/index.php\/wp-json\/wp\/v2\/media?parent=6"}],"curies":[{"name":"wp","href":"https:\/\/api.w.org\/{rel}","templated":true}]}}